{"id":1171,"date":"2024-08-08T11:31:54","date_gmt":"2024-08-08T11:31:54","guid":{"rendered":"https:\/\/mcipropulsion.com.co\/cookie-policy\/"},"modified":"2025-10-13T18:00:52","modified_gmt":"2025-10-13T18:00:52","slug":"cookie-policy","status":"publish","type":"page","link":"https:\/\/mcipropulsion.com.co\/en\/cookie-policy\/","title":{"rendered":"Cookie Policy"},"content":{"rendered":"\t\t<div data-elementor-type=\"wp-page\" data-elementor-id=\"1171\" class=\"elementor elementor-1171 elementor-721\" data-elementor-post-type=\"page\">\n\t\t\t\t\t\t<section class=\"elementor-section elementor-top-section elementor-element elementor-element-071220a elementor-section-full_width elementor-section-height-min-height elementor-section-height-default elementor-section-items-middle\" data-id=\"071220a\" data-element_type=\"section\" data-settings=\"{&quot;background_background&quot;:&quot;classic&quot;}\">\n\t\t\t\t\t\t<div class=\"elementor-container elementor-column-gap-no\">\n\t\t\t\t\t<div class=\"elementor-column elementor-col-100 elementor-top-column elementor-element elementor-element-1563bae\" data-id=\"1563bae\" data-element_type=\"column\">\n\t\t\t<div class=\"elementor-widget-wrap\">\n\t\t\t\t\t\t\t<\/div>\n\t\t<\/div>\n\t\t\t\t\t<\/div>\n\t\t<\/section>\n\t\t\t\t<section class=\"elementor-section elementor-top-section elementor-element elementor-element-9ff226b elementor-section-boxed elementor-section-height-default elementor-section-height-default\" data-id=\"9ff226b\" data-element_type=\"section\">\n\t\t\t\t\t\t<div class=\"elementor-container elementor-column-gap-default\">\n\t\t\t\t\t<div class=\"elementor-column elementor-col-100 elementor-top-column elementor-element elementor-element-2d534a7\" data-id=\"2d534a7\" data-element_type=\"column\">\n\t\t\t<div class=\"elementor-widget-wrap elementor-element-populated\">\n\t\t\t\t\t\t<div class=\"elementor-element elementor-element-8241063 elementor-widget elementor-widget-heading\" data-id=\"8241063\" data-element_type=\"widget\" data-widget_type=\"heading.default\">\n\t\t\t\t<div class=\"elementor-widget-container\">\n\t\t\t\t\t<h2 class=\"elementor-heading-title elementor-size-default\">Cookie Policy<\/h2>\t\t\t\t<\/div>\n\t\t\t\t<\/div>\n\t\t\t\t<div class=\"elementor-element elementor-element-3c067de elementor-widget elementor-widget-text-editor\" data-id=\"3c067de\" data-element_type=\"widget\" data-widget_type=\"text-editor.default\">\n\t\t\t\t<div class=\"elementor-widget-container\">\n\t\t\t\t\t\t\t\t\t<p>On this website, we collect and use information as stated in our privacy policy.<\/p><p>One of the ways we collect information is through technology called \u201ccookies.\u201d On transdiesel.es, cookies are used for various purposes. <\/p><h4><strong>What is a cookie?<\/strong><\/h4><p>A \u201ccookie\u201d is a small piece of text stored in your browser (such as Google Chrome or Apple Safari) when you browse most websites.<\/p><h4><strong>What is NOT a cookie?<\/strong><\/h4><p>It is not a virus, a trojan, a worm, spam, spyware, or a pop-up window opener.No es un virus, ni un troyano, ni un gusano, ni spam, ni spyware, ni abre ventanas pop-up.<\/p><h4><strong>What information does a cookie store?<\/strong><\/h4><p>Cookies do not usually store sensitive information about you, such as credit card or banking data, photographs, or personal information. The data they store are technical, statistical, personal preferences, content personalization, and so on. <\/p><p>The web server does not associate you as a person but rather your web browser. In fact, if you usually browse with the Chrome browser and try browsing the same site with Firefox, you will see that the website does not realize you are not the same person because it is actually associating the information with the browser, not the person. <\/p><h4><strong>What types of cookies are there?<\/strong><\/h4><ul><li><strong>Technical cookies:<\/strong> These are the most basic and allow, among other things, knowing when a human or an automated application is browsing, when an anonymous user and a registered user are browsing, and performing basic tasks for the operation of any dynamic website.<\/li><li><strong>Analytics cookies:<\/strong> They collect information about the type of browsing you are doing, the sections you use most, products viewed, time-of-day usage, language, etc.<\/li><li><strong>Cookies publicitarias:<\/strong> Muestran publicidad en funci\u00f3n de su navegaci\u00f3n, su pa\u00eds de procedencia, idioma, etc.<\/li><\/ul><h4><strong>What are first-party and third-party cookies?<\/strong><\/h4><p>First-party cookies are generated by the page you are visiting, and third-party cookies are generated by external services or providers such as Mailchimp, Facebook, Twitter, Google AdSense, etc.<\/p><h4><strong>Which cookies does this website use?<\/strong><\/h4><p>This website uses first-party and third-party cookies. On this site, the following cookies are used and detailed below: <\/p><h4><strong>First-party cookies are the following:<\/strong><\/h4><ul><li><strong>Login:<\/strong> Login cookies allow you to sign in to and out of your transdiesel.es account.<\/li><li><strong>Personalization: <\/strong>Cookies help us remember which people or websites you have interacted with so we can show you related content.<\/li><li><strong>Preferences:<\/strong> Cookies let us remember your settings and preferences, such as your preferred language and your privacy configuration.<\/li><li><strong>Security:<\/strong> We use cookies to protect you from security risks, mainly to detect when someone is trying to hack your transdiesel.es account. <\/li><\/ul><h4><strong>Third-party cookies<\/strong><\/h4><p>This website uses analytics services, specifically Google Analytics, to help the site analyze how users use the website and to improve its usability. In no case are they associated with data that could identify the user. Google Analytics is a web analytics service provided by Google, Inc. The user can consult the types of cookies used by Google on <a href=\"https:\/\/www.google.es\/intl\/es\/policies\/technologies\/types\/\">their site<\/a><\/p><p>Grupo Casli uses the WordPress blogging and hosting platform, owned by the U.S. company Automattic, Inc. As such, the use of such cookies by these systems is never under the control or management of the website owner; they can change their function at any time, and new cookies may be added. These cookies also do not provide any benefit to the website owner. Automattic, Inc. also uses other cookies to help identify and track WordPress site visitors, understand how they use Automattic\u2019s website, and their preferences for accessing it, as described in the \u201cCookies\u201d section of its privacy policy.<\/p><p>Social network cookies can be stored in your browser while you browse transdiesel.es, for example, when you use the transdiesel.es content sharing button on a social network.<br>Below you will find information about the social network cookies used by this website in their own cookie policies:<\/p><ul><li>Facebook cookies, see more information in its cookie policy <a href=\"https:\/\/app.innoit.net\/lopd\/imprimirPoliticaCookies.action?modo=1\">pol\u00edtica de cookies<\/a><\/li><li>Twitter cookies, see more information in its cookie policy <a href=\"https:\/\/app.innoit.net\/lopd\/imprimirPoliticaCookies.action?modo=1\">pol\u00edtica de cookies<\/a><\/li><li>Instagram cookies, see more information in its cookie policy <a href=\"https:\/\/app.innoit.net\/lopd\/imprimirPoliticaCookies.action?modo=1\">pol\u00edtica de cookies<\/a><\/li><li>Google+ cookies, see more information in its cookie policy <a href=\"https:\/\/app.innoit.net\/lopd\/imprimirPoliticaCookies.action?modo=1\">pol\u00edtica de cookies<\/a><\/li><li>YouTube cookies, see more information in its cookie policy <a href=\"https:\/\/app.innoit.net\/lopd\/imprimirPoliticaCookies.action?modo=1\">pol\u00edtica de cookies<\/a><\/li><\/ul><h4><strong>Can cookies be deleted?<\/strong><\/h4><p>S\u00ed, y no s\u00f3lo eliminar, tambi\u00e9n bloquear, de forma general o particular para un dominio espec\u00edfico.<br>Yes, and not only deleted, but also blocked, either generally or for a specific domain.<br>To delete cookies from a website, you must go to your browser settings where you can search for those associated with the domain in question and delete them.<\/p><ul><li><strong>Chrome:<\/strong> support page <a href=\"http:\/\/support.google.com\/chrome\/bin\/answer.py?hl=es&amp;answer=95647\">http:\/\/support.google.com\/chrome\/bin\/answer.py?hl=es&amp;answer=95647<\/a><\/li><li><strong>Internet Explorer:<\/strong> support page <a href=\"https:\/\/support.microsoft.com\/en-us\/help\/17442\/windows-internet-explorer-delete-manage-cookies#ie=ie-10\">https:\/\/support.microsoft.com\/en-us\/help\/17442\/windows-internet-explorer-delete-manage-cookies#ie=ie-10<\/a><\/li><li><strong>Firefox: <\/strong>support page <a href=\"https:\/\/support.mozilla.org\/es\/kb\/habilitar-y-deshabilitar-cookies-sitios-web-rastrear-preferencias?redirectlocale=es&amp;redirectslug=habilitar-y-deshabilitar-cookies-que-los-sitios-we\">https:\/\/support.mozilla.org\/es\/kb\/habilitar-y-deshabilitar-cookies-sitios-web-rastrear-preferencias?redirectlocale=es&amp;redirectslug=habilitar-y-deshabilitar-cookies-que-los-sitios-we<\/a><\/li><li><strong>Safari: <\/strong>support page <a href=\"https:\/\/support.apple.com\/es-es\/HT201265\">https:\/\/support.apple.com\/es-es\/HT201265<\/a><\/li><\/ul><h4><strong>More information about cookies<\/strong><\/h4><p>You can consult the regulation on cookies published by the Spanish Data Protection Agency in its \u201cGuide on the Use of Cookies\u201d and obtain more information about cookies on the Internet <a href=\"http:\/\/www.aboutcookies.org\/\">http:\/\/www.aboutcookies.org\/<\/a><\/p><p>If you want greater control over cookie installation, you can install browser add-ons or programs known as \u201cDo Not Track\u201d tools, which allow you to choose which cookies you want to allow.<\/p>\t\t\t\t\t\t\t\t<\/div>\n\t\t\t\t<\/div>\n\t\t\t\t\t<\/div>\n\t\t<\/div>\n\t\t\t\t\t<\/div>\n\t\t<\/section>\n\t\t\t\t<\/div>\n\t\t","protected":false},"excerpt":{"rendered":"<p>Cookie Policy On this website, we collect and use information as stated in our privacy policy. One of the ways we collect information is through technology called \u201ccookies.\u201d On transdiesel.es, cookies are used for various purposes. What is a cookie? A \u201ccookie\u201d is a small piece of text stored in your browser (such as Google &#8230; <a title=\"Cookie Policy\" class=\"read-more\" href=\"https:\/\/mcipropulsion.com.co\/en\/cookie-policy\/\" aria-label=\"Read more about Cookie Policy\">Read more<\/a><\/p>\n","protected":false},"author":3,"featured_media":0,"parent":0,"menu_order":0,"comment_status":"closed","ping_status":"closed","template":"","meta":{"footnotes":""},"class_list":["post-1171","page","type-page","status-publish"],"_links":{"self":[{"href":"https:\/\/mcipropulsion.com.co\/en\/wp-json\/wp\/v2\/pages\/1171","targetHints":{"allow":["GET"]}}],"collection":[{"href":"https:\/\/mcipropulsion.com.co\/en\/wp-json\/wp\/v2\/pages"}],"about":[{"href":"https:\/\/mcipropulsion.com.co\/en\/wp-json\/wp\/v2\/types\/page"}],"author":[{"embeddable":true,"href":"https:\/\/mcipropulsion.com.co\/en\/wp-json\/wp\/v2\/users\/3"}],"replies":[{"embeddable":true,"href":"https:\/\/mcipropulsion.com.co\/en\/wp-json\/wp\/v2\/comments?post=1171"}],"version-history":[{"count":1,"href":"https:\/\/mcipropulsion.com.co\/en\/wp-json\/wp\/v2\/pages\/1171\/revisions"}],"predecessor-version":[{"id":1172,"href":"https:\/\/mcipropulsion.com.co\/en\/wp-json\/wp\/v2\/pages\/1171\/revisions\/1172"}],"wp:attachment":[{"href":"https:\/\/mcipropulsion.com.co\/en\/wp-json\/wp\/v2\/media?parent=1171"}],"curies":[{"name":"wp","href":"https:\/\/api.w.org\/{rel}","templated":true}]}}