{"id":1007,"date":"2023-12-12T09:17:52","date_gmt":"2023-12-12T09:17:52","guid":{"rendered":"https:\/\/mcipropulsion.com.co\/john-deere\/"},"modified":"2025-10-13T11:23:18","modified_gmt":"2025-10-13T11:23:18","slug":"john-deere","status":"publish","type":"page","link":"https:\/\/mcipropulsion.com.co\/pt-br\/john-deere\/","title":{"rendered":"John Deere"},"content":{"rendered":"\t\t<div data-elementor-type=\"wp-page\" data-elementor-id=\"1007\" class=\"elementor elementor-1007 elementor-243\" data-elementor-post-type=\"page\">\n\t\t\t\t\t\t<section class=\"elementor-section elementor-top-section elementor-element elementor-element-dbb3395 elementor-section-full_width elementor-section-height-min-height elementor-section-height-default elementor-section-items-middle\" data-id=\"dbb3395\" data-element_type=\"section\" data-settings=\"{&quot;background_background&quot;:&quot;classic&quot;}\">\n\t\t\t\t\t\t<div class=\"elementor-container elementor-column-gap-no\">\n\t\t\t\t\t<div class=\"elementor-column elementor-col-100 elementor-top-column elementor-element elementor-element-dc9c3bc\" data-id=\"dc9c3bc\" data-element_type=\"column\">\n\t\t\t<div class=\"elementor-widget-wrap\">\n\t\t\t\t\t\t\t<\/div>\n\t\t<\/div>\n\t\t\t\t\t<\/div>\n\t\t<\/section>\n\t\t\t\t<section class=\"elementor-section elementor-top-section elementor-element elementor-element-0fc1572 elementor-section-boxed elementor-section-height-default elementor-section-height-default\" data-id=\"0fc1572\" data-element_type=\"section\">\n\t\t\t\t\t\t<div class=\"elementor-container elementor-column-gap-default\">\n\t\t\t\t\t<div class=\"elementor-column elementor-col-100 elementor-top-column elementor-element elementor-element-0cf9110\" data-id=\"0cf9110\" data-element_type=\"column\">\n\t\t\t<div class=\"elementor-widget-wrap elementor-element-populated\">\n\t\t\t\t\t\t<section class=\"elementor-section elementor-inner-section elementor-element elementor-element-8d2925f elementor-section-boxed elementor-section-height-default elementor-section-height-default\" data-id=\"8d2925f\" data-element_type=\"section\">\n\t\t\t\t\t\t<div class=\"elementor-container elementor-column-gap-default\">\n\t\t\t\t\t<div class=\"elementor-column elementor-col-50 elementor-inner-column elementor-element elementor-element-92a6ae9\" data-id=\"92a6ae9\" data-element_type=\"column\">\n\t\t\t<div class=\"elementor-widget-wrap elementor-element-populated\">\n\t\t\t\t\t\t<div class=\"elementor-element elementor-element-42f29f9 elementor-widget elementor-widget-heading\" data-id=\"42f29f9\" data-element_type=\"widget\" data-widget_type=\"heading.default\">\n\t\t\t\t<div class=\"elementor-widget-container\">\n\t\t\t\t\t<h2 class=\"elementor-heading-title elementor-size-default\">PROPULS\u00c3O MAR\u00cdTIMA<\/h2>\t\t\t\t<\/div>\n\t\t\t\t<\/div>\n\t\t\t\t<div class=\"elementor-element elementor-element-815da00 elementor-widget elementor-widget-heading\" data-id=\"815da00\" data-element_type=\"widget\" data-widget_type=\"heading.default\">\n\t\t\t\t<div class=\"elementor-widget-container\">\n\t\t\t\t\t<h3 class=\"elementor-heading-title elementor-size-default\">\u201cOn the water, reliability is everything\u201d<\/h3>\t\t\t\t<\/div>\n\t\t\t\t<\/div>\n\t\t\t\t\t<\/div>\n\t\t<\/div>\n\t\t\t\t<div class=\"elementor-column elementor-col-50 elementor-inner-column elementor-element elementor-element-9b819a5\" data-id=\"9b819a5\" data-element_type=\"column\">\n\t\t\t<div class=\"elementor-widget-wrap elementor-element-populated\">\n\t\t\t\t\t\t<div class=\"elementor-element elementor-element-c0abd3a elementor-widget elementor-widget-image\" data-id=\"c0abd3a\" data-element_type=\"widget\" data-widget_type=\"image.default\">\n\t\t\t\t<div class=\"elementor-widget-container\">\n\t\t\t\t\t\t\t\t\t\t\t\t\t\t\t<img fetchpriority=\"high\" decoding=\"async\" width=\"330\" height=\"168\" src=\"https:\/\/mcipropulsion.com.co\/wp-content\/uploads\/2024\/08\/DeereCanvas.jpg\" class=\"attachment-large size-large wp-image-978\" alt=\"\" srcset=\"https:\/\/mcipropulsion.com.co\/wp-content\/uploads\/2024\/08\/DeereCanvas.jpg 330w, https:\/\/mcipropulsion.com.co\/wp-content\/uploads\/2024\/08\/DeereCanvas-300x153.jpg 300w\" sizes=\"(max-width: 330px) 100vw, 330px\" \/>\t\t\t\t\t\t\t\t\t\t\t\t\t\t\t<\/div>\n\t\t\t\t<\/div>\n\t\t\t\t\t<\/div>\n\t\t<\/div>\n\t\t\t\t\t<\/div>\n\t\t<\/section>\n\t\t\t\t<div class=\"elementor-element elementor-element-5faf3ff elementor-widget elementor-widget-text-editor\" data-id=\"5faf3ff\" data-element_type=\"widget\" data-widget_type=\"text-editor.default\">\n\t\t\t\t<div class=\"elementor-widget-container\">\n\t\t\t\t\t\t\t\t\t<p>Numa aplica\u00e7\u00e3o como a propuls\u00e3o de barcos, com as suas exig\u00eancias de fiabilidade e limita\u00e7\u00f5es de espa\u00e7o, a MCI procura motores que se destaquem <strong>pela facilidade de instala\u00e7\u00e3o<\/strong> &#8211; gra\u00e7as a uma vasta gama de op\u00e7\u00f5es e acess\u00f3rios &#8211; e um design limpo e simples que permita um acesso r\u00e1pido a qualquer ponto do motor. \u00c9 por isso que escolhemos <strong>os motores de propuls\u00e3o John Deere, que tamb\u00e9m geram um bin\u00e1rio elevado a baixas rota\u00e7\u00f5es<\/strong>, desenvolvem a pot\u00eancia mais rapidamente e impulsionam o barco a velocidades mais elevadas desde o in\u00edcio. S\u00e3o motores de f\u00e1cil manuten\u00e7\u00e3o, de funcionamento silencioso e de baixa vibra\u00e7\u00e3o.<\/p>\t\t\t\t\t\t\t\t<\/div>\n\t\t\t\t<\/div>\n\t\t\t\t<section class=\"elementor-section elementor-inner-section elementor-element elementor-element-8f699bc elementor-section-boxed elementor-section-height-default elementor-section-height-default\" data-id=\"8f699bc\" data-element_type=\"section\">\n\t\t\t\t\t\t<div class=\"elementor-container elementor-column-gap-default\">\n\t\t\t\t\t<div class=\"elementor-column elementor-col-50 elementor-inner-column elementor-element elementor-element-1e17caa\" data-id=\"1e17caa\" data-element_type=\"column\">\n\t\t\t<div class=\"elementor-widget-wrap elementor-element-populated\">\n\t\t\t\t\t\t<div class=\"elementor-element elementor-element-55eb398 elementor-widget elementor-widget-image\" data-id=\"55eb398\" data-element_type=\"widget\" data-widget_type=\"image.default\">\n\t\t\t\t<div class=\"elementor-widget-container\">\n\t\t\t\t\t\t\t\t\t\t\t\t<figure class=\"wp-caption\">\n\t\t\t\t\t\t\t\t\t\t<img decoding=\"async\" width=\"1600\" height=\"763\" src=\"https:\/\/mcipropulsion.com.co\/wp-content\/uploads\/2024\/08\/John-Deere-Portada.jpg\" class=\"attachment-full size-full wp-image-977\" alt=\"\" srcset=\"https:\/\/mcipropulsion.com.co\/wp-content\/uploads\/2024\/08\/John-Deere-Portada.jpg 1600w, https:\/\/mcipropulsion.com.co\/wp-content\/uploads\/2024\/08\/John-Deere-Portada-300x143.jpg 300w, https:\/\/mcipropulsion.com.co\/wp-content\/uploads\/2024\/08\/John-Deere-Portada-1024x488.jpg 1024w, https:\/\/mcipropulsion.com.co\/wp-content\/uploads\/2024\/08\/John-Deere-Portada-768x366.jpg 768w, https:\/\/mcipropulsion.com.co\/wp-content\/uploads\/2024\/08\/John-Deere-Portada-1536x732.jpg 1536w\" sizes=\"(max-width: 1600px) 100vw, 1600px\" \/>\t\t\t\t\t\t\t\t\t\t\t<figcaption class=\"widget-image-caption wp-caption-text\"><\/figcaption>\n\t\t\t\t\t\t\t\t\t\t<\/figure>\n\t\t\t\t\t\t\t\t\t<\/div>\n\t\t\t\t<\/div>\n\t\t\t\t\t<\/div>\n\t\t<\/div>\n\t\t\t\t<div class=\"elementor-column elementor-col-50 elementor-inner-column elementor-element elementor-element-2ceb84c\" data-id=\"2ceb84c\" data-element_type=\"column\">\n\t\t\t<div class=\"elementor-widget-wrap elementor-element-populated\">\n\t\t\t\t\t\t<div class=\"elementor-element elementor-element-7276b01 elementor-widget elementor-widget-text-editor\" data-id=\"7276b01\" data-element_type=\"widget\" data-widget_type=\"text-editor.default\">\n\t\t\t\t<div class=\"elementor-widget-container\">\n\t\t\t\t\t\t\t\t\t<p>Motores de <strong>propuls\u00e3o<\/strong> John Deere para todos os tipos de aplica\u00e7\u00f5es: mar\u00edtimas, com uma gama de pot\u00eancias de <strong>60 a 559 kW<\/strong><strong>;<\/strong> <strong>grupos electrog\u00e9neos<\/strong> auxiliares, com uma gama de pot\u00eancias de <strong>40 a 417 kW<\/strong>, e vers\u00f5es de <strong>1500 rpm (50 Hz) e 1800 rpm (60 Hz)<\/strong><strong>;<\/strong> e para o acionamento de sistemas auxiliares em embarca\u00e7\u00f5es, como bombas, guinchos, gruas, etc.<\/p><p>Os nossos motores t\u00eam todas as homologa\u00e7\u00f5es e certifica\u00e7\u00f5es exigidas atualmente: Diretiva Europeia 97\/68 CE para aplica\u00e7\u00f5es industriais, IMO, DNV, RINA, CCNR em aplica\u00e7\u00f5es mar\u00edtimas ou TA-LUFT para grupos geradores.<\/p><p>Mais informa\u00e7\u00f5es no <a href=\"https:\/\/www.deere.com\/en\/engines-and-drivetrain\/marine-diesel-engines\/\"><strong><em>s\u00edtio Web de John Deere.<\/em><\/strong><\/a><\/p>\t\t\t\t\t\t\t\t<\/div>\n\t\t\t\t<\/div>\n\t\t\t\t\t<\/div>\n\t\t<\/div>\n\t\t\t\t\t<\/div>\n\t\t<\/section>\n\t\t\t\t\t<\/div>\n\t\t<\/div>\n\t\t\t\t\t<\/div>\n\t\t<\/section>\n\t\t\t\t<section class=\"elementor-section elementor-top-section elementor-element elementor-element-a56cff7 elementor-section-boxed elementor-section-height-default elementor-section-height-default\" data-id=\"a56cff7\" data-element_type=\"section\">\n\t\t\t\t\t\t<div class=\"elementor-container elementor-column-gap-default\">\n\t\t\t\t\t<div class=\"elementor-column elementor-col-100 elementor-top-column elementor-element elementor-element-0753b57\" data-id=\"0753b57\" data-element_type=\"column\">\n\t\t\t<div class=\"elementor-widget-wrap elementor-element-populated\">\n\t\t\t\t\t\t<section class=\"elementor-section elementor-inner-section elementor-element elementor-element-ee2c8df elementor-section-boxed elementor-section-height-default elementor-section-height-default\" data-id=\"ee2c8df\" data-element_type=\"section\">\n\t\t\t\t\t\t<div class=\"elementor-container elementor-column-gap-default\">\n\t\t\t\t\t<div class=\"elementor-column elementor-col-50 elementor-inner-column elementor-element elementor-element-c690b1e\" data-id=\"c690b1e\" data-element_type=\"column\">\n\t\t\t<div class=\"elementor-widget-wrap elementor-element-populated\">\n\t\t\t\t\t\t<div class=\"elementor-element elementor-element-b870ce1 elementor-widget elementor-widget-heading\" data-id=\"b870ce1\" data-element_type=\"widget\" data-widget_type=\"heading.default\">\n\t\t\t\t<div class=\"elementor-widget-container\">\n\t\t\t\t\t<h2 class=\"elementor-heading-title elementor-size-default\">PROPULS\u00c3O TERRESTRE<\/h2>\t\t\t\t<\/div>\n\t\t\t\t<\/div>\n\t\t\t\t<div class=\"elementor-element elementor-element-50ecb61 elementor-widget elementor-widget-heading\" data-id=\"50ecb61\" data-element_type=\"widget\" data-widget_type=\"heading.default\">\n\t\t\t\t<div class=\"elementor-widget-container\">\n\t\t\t\t\t<h3 class=\"elementor-heading-title elementor-size-default\">\u201cFailure is not an option\u201d<\/h3>\t\t\t\t<\/div>\n\t\t\t\t<\/div>\n\t\t\t\t\t<\/div>\n\t\t<\/div>\n\t\t\t\t<div class=\"elementor-column elementor-col-50 elementor-inner-column elementor-element elementor-element-0be0e65\" data-id=\"0be0e65\" data-element_type=\"column\">\n\t\t\t<div class=\"elementor-widget-wrap elementor-element-populated\">\n\t\t\t\t\t\t<div class=\"elementor-element elementor-element-b189fb8 elementor-widget elementor-widget-image\" data-id=\"b189fb8\" data-element_type=\"widget\" data-widget_type=\"image.default\">\n\t\t\t\t<div class=\"elementor-widget-container\">\n\t\t\t\t\t\t\t\t\t\t\t\t\t\t\t<img decoding=\"async\" width=\"2429\" height=\"1619\" src=\"https:\/\/mcipropulsion.com.co\/wp-content\/uploads\/2024\/08\/Disenar-motores.jpg\" class=\"attachment-full size-full wp-image-980\" alt=\"\" srcset=\"https:\/\/mcipropulsion.com.co\/wp-content\/uploads\/2024\/08\/Disenar-motores.jpg 2429w, https:\/\/mcipropulsion.com.co\/wp-content\/uploads\/2024\/08\/Disenar-motores-300x200.jpg 300w, https:\/\/mcipropulsion.com.co\/wp-content\/uploads\/2024\/08\/Disenar-motores-1024x683.jpg 1024w, https:\/\/mcipropulsion.com.co\/wp-content\/uploads\/2024\/08\/Disenar-motores-768x512.jpg 768w, https:\/\/mcipropulsion.com.co\/wp-content\/uploads\/2024\/08\/Disenar-motores-1536x1024.jpg 1536w, https:\/\/mcipropulsion.com.co\/wp-content\/uploads\/2024\/08\/Disenar-motores-2048x1365.jpg 2048w\" sizes=\"(max-width: 2429px) 100vw, 2429px\" \/>\t\t\t\t\t\t\t\t\t\t\t\t\t\t\t<\/div>\n\t\t\t\t<\/div>\n\t\t\t\t\t<\/div>\n\t\t<\/div>\n\t\t\t\t\t<\/div>\n\t\t<\/section>\n\t\t\t\t<div class=\"elementor-element elementor-element-c88a4c7 elementor-widget elementor-widget-text-editor\" data-id=\"c88a4c7\" data-element_type=\"widget\" data-widget_type=\"text-editor.default\">\n\t\t\t\t<div class=\"elementor-widget-container\">\n\t\t\t\t\t\t\t\t\t<p>A MCI est\u00e1 ciente das necessidades apresentadas pelos fabricantes de ve\u00edculos industriais: um motor que ofere\u00e7a um equil\u00edbrio perfeito entre alto desempenho, economia de combust\u00edvel, fiabilidade e durabilidade em ambientes adversos, bem como n\u00edveis de ru\u00eddo e vibra\u00e7\u00e3o consideravelmente baixos. Tudo isto, em conformidade com os regulamentos de emiss\u00f5es nas mais variadas aplica\u00e7\u00f5es: carregadoras, escavadoras, perfuradoras, trituradoras, compactadores, compressores, empilhadores, etc.<\/p><p>Na gama de pot\u00eancias <strong>de 36 kW a 677 kW<\/strong>, a MCI oferece motores John Deere, motores compactos que atingem os mais altos n\u00edveis de pot\u00eancia gra\u00e7as, entre outros elementos, a v\u00e1rias configura\u00e7\u00f5es de turbocompressores e sistemas electr\u00f3nicos avan\u00e7ados.<\/p><p>Os nossos motores, equipados com filtros de part\u00edculas, cumprem as normas Stage V, que entraram em vigor em 2020. Disp\u00f5em igualmente de todas as homologa\u00e7\u00f5es e certifica\u00e7\u00f5es exigidas atualmente: Diretiva Europeia 2016\/1628-CE para as aplica\u00e7\u00f5es industriais, IMO, DNV, RINA, CCNR nas aplica\u00e7\u00f5es mar\u00edtimas ou TA-LUFT para os grupos electrog\u00e9neos.<\/p><p>Mais informa\u00e7\u00f5es no <a href=\"https:\/\/www.deere.com\/en\/engines-and-drivetrain\/industrial-engines\/\"><strong><em>s\u00edtio Web de John Deere.<\/em><\/strong><\/a><\/p><p><em>No desenvolvimento de motores para aplica\u00e7\u00f5es fora de estrada, a John Deere \u00e9 um fabricante especialista desde 1949, com mais de <strong>5 milh\u00f5es de unidades<\/strong> produzidas at\u00e9 \u00e0 data. <\/em><\/p><p><em><strong>A JOHN DEERE<\/strong><\/em> <em>\u00e9 tamb\u00e9m l\u00edder no sector agr\u00edcola e florestal, com uma vasta gama de motores para m\u00e1quinas, sectores em que a marca americana est\u00e1 ativa <strong>h\u00e1 180 anos.<\/strong><\/em><\/p>\t\t\t\t\t\t\t\t<\/div>\n\t\t\t\t<\/div>\n\t\t\t\t\t<\/div>\n\t\t<\/div>\n\t\t\t\t\t<\/div>\n\t\t<\/section>\n\t\t\t\t<section class=\"elementor-section elementor-top-section elementor-element elementor-element-4785834 elementor-section-boxed elementor-section-height-default elementor-section-height-default\" data-id=\"4785834\" data-element_type=\"section\">\n\t\t\t\t\t\t<div class=\"elementor-container elementor-column-gap-default\">\n\t\t\t\t\t<div class=\"elementor-column elementor-col-100 elementor-top-column elementor-element elementor-element-0a78a15\" data-id=\"0a78a15\" data-element_type=\"column\">\n\t\t\t<div class=\"elementor-widget-wrap elementor-element-populated\">\n\t\t\t\t\t\t<section class=\"elementor-section elementor-inner-section elementor-element elementor-element-5ddc25a elementor-section-boxed elementor-section-height-default elementor-section-height-default\" data-id=\"5ddc25a\" data-element_type=\"section\">\n\t\t\t\t\t\t<div class=\"elementor-container elementor-column-gap-default\">\n\t\t\t\t\t<div class=\"elementor-column elementor-col-50 elementor-inner-column elementor-element elementor-element-6ea7378\" data-id=\"6ea7378\" data-element_type=\"column\">\n\t\t\t<div class=\"elementor-widget-wrap elementor-element-populated\">\n\t\t\t\t\t\t<div class=\"elementor-element elementor-element-68aec38 elementor-widget elementor-widget-heading\" data-id=\"68aec38\" data-element_type=\"widget\" data-widget_type=\"heading.default\">\n\t\t\t\t<div class=\"elementor-widget-container\">\n\t\t\t\t\t<h2 class=\"elementor-heading-title elementor-size-default\">PRODU\u00c7\u00c3O DE ELECTRICIDADE NO LOCAL<\/h2>\t\t\t\t<\/div>\n\t\t\t\t<\/div>\n\t\t\t\t<div class=\"elementor-element elementor-element-5f9201c elementor-widget elementor-widget-heading\" data-id=\"5f9201c\" data-element_type=\"widget\" data-widget_type=\"heading.default\">\n\t\t\t\t<div class=\"elementor-widget-container\">\n\t\t\t\t\t<h3 class=\"elementor-heading-title elementor-size-default\">\u201cThe strong silent type\u201d<\/h3>\t\t\t\t<\/div>\n\t\t\t\t<\/div>\n\t\t\t\t\t<\/div>\n\t\t<\/div>\n\t\t\t\t<div class=\"elementor-column elementor-col-50 elementor-inner-column elementor-element elementor-element-d863eb6\" data-id=\"d863eb6\" data-element_type=\"column\">\n\t\t\t<div class=\"elementor-widget-wrap elementor-element-populated\">\n\t\t\t\t\t\t<div class=\"elementor-element elementor-element-7dd5b5c elementor-widget elementor-widget-image\" data-id=\"7dd5b5c\" data-element_type=\"widget\" data-widget_type=\"image.default\">\n\t\t\t\t<div class=\"elementor-widget-container\">\n\t\t\t\t\t\t\t\t\t\t\t\t<figure class=\"wp-caption\">\n\t\t\t\t\t\t\t\t\t\t<img loading=\"lazy\" decoding=\"async\" width=\"2255\" height=\"1692\" src=\"https:\/\/mcipropulsion.com.co\/wp-content\/uploads\/2024\/08\/Motores-john-deere.jpg\" class=\"attachment-full size-full wp-image-981\" alt=\"Mantemos um estoque completo de nossa linha de 30 a 500 kVAs.\" srcset=\"https:\/\/mcipropulsion.com.co\/wp-content\/uploads\/2024\/08\/Motores-john-deere.jpg 2255w, https:\/\/mcipropulsion.com.co\/wp-content\/uploads\/2024\/08\/Motores-john-deere-300x225.jpg 300w, https:\/\/mcipropulsion.com.co\/wp-content\/uploads\/2024\/08\/Motores-john-deere-1024x768.jpg 1024w, https:\/\/mcipropulsion.com.co\/wp-content\/uploads\/2024\/08\/Motores-john-deere-768x576.jpg 768w, https:\/\/mcipropulsion.com.co\/wp-content\/uploads\/2024\/08\/Motores-john-deere-1536x1153.jpg 1536w, https:\/\/mcipropulsion.com.co\/wp-content\/uploads\/2024\/08\/Motores-john-deere-2048x1537.jpg 2048w\" sizes=\"(max-width: 2255px) 100vw, 2255px\" \/>\t\t\t\t\t\t\t\t\t\t\t<figcaption class=\"widget-image-caption wp-caption-text\">Mantemos um estoque completo de nossa linha de 30 a 500 kVAs.<\/figcaption>\n\t\t\t\t\t\t\t\t\t\t<\/figure>\n\t\t\t\t\t\t\t\t\t<\/div>\n\t\t\t\t<\/div>\n\t\t\t\t\t<\/div>\n\t\t<\/div>\n\t\t\t\t\t<\/div>\n\t\t<\/section>\n\t\t\t\t<div class=\"elementor-element elementor-element-42296fa elementor-widget elementor-widget-text-editor\" data-id=\"42296fa\" data-element_type=\"widget\" data-widget_type=\"text-editor.default\">\n\t\t\t\t<div class=\"elementor-widget-container\">\n\t\t\t\t\t\t\t\t\t<p>O cora\u00e7\u00e3o de um grupo eletrog\u00e9neo exposto a uma utiliza\u00e7\u00e3o intensiva -prime- e as condi\u00e7\u00f5es ambientais adversas \u00e9 a sua imagem de marca. Por esta raz\u00e3o, a MCI procura motores de fiabilidade e durabilidade comprovadas, f\u00e1ceis de instalar, que, juntamente com baixos n\u00edveis de ru\u00eddo e vibra\u00e7\u00e3o, constituem um grupo eletrog\u00e9neo pronto a ser levado para qualquer parte do mundo.<\/p><p>Este requisito \u00e9 satisfeito pelos motores John Deere, tamb\u00e9m dispon\u00edveis como unidade de pot\u00eancia com radiador, motores com a m\u00e1xima densidade de pot\u00eancia em tamanhos reduzidos e com uma vasta gama de op\u00e7\u00f5es, dependendo da aplica\u00e7\u00e3o. Os motores dos grupos electrog\u00e9neos John Deere cobrem uma gama de pot\u00eancias de <strong>30 a 500 kVA PRIME<\/strong>, com cilindradas de 2,9 L a 13,6 L, e em vers\u00f5es de 50 Hz e 60 Hz.<\/p><p><em>Consoante<\/em> o pa\u00eds de destino e a aplica\u00e7\u00e3o, os geradores est\u00e3o dispon\u00edveis tanto sem certifica\u00e7\u00e3o de emiss\u00f5es como certificados em conformidade com as normas europeias EU Stage V e americanas EPA Tier 4.<\/p><p>A MCI <em>distribui motores diesel fabricados pela JOHN DEERE POWER SYSTEMS<strong>.<\/strong> Com mais de 5.000.000 de unidades fabricadas, as suas carater\u00edsticas de durabilidade e fiabilidade, juntamente com mais de <strong>4.000 pontos de assist\u00eancia <\/strong>em todo o mundo, d\u00e3o uma garantia exclusiva a qualquer equipamento alimentado por um motor <strong>JOHN DEERE.<\/strong><\/em><\/p><p>Mais informa\u00e7\u00f5es no <a href=\"https:\/\/www.deere.com\/en\/engines-and-drivetrain\/industrial-engines\/\"><strong><em>s\u00edtio Web de John Deere.<\/em><\/strong><\/a><\/p>\t\t\t\t\t\t\t\t<\/div>\n\t\t\t\t<\/div>\n\t\t\t\t\t<\/div>\n\t\t<\/div>\n\t\t\t\t\t<\/div>\n\t\t<\/section>\n\t\t\t\t<\/div>\n\t\t","protected":false},"excerpt":{"rendered":"<p>PROPULS\u00c3O MAR\u00cdTIMA \u201cOn the water, reliability is everything\u201d Numa aplica\u00e7\u00e3o como a propuls\u00e3o de barcos, com as suas exig\u00eancias de fiabilidade e limita\u00e7\u00f5es de espa\u00e7o, a MCI procura motores que se destaquem pela facilidade de instala\u00e7\u00e3o &#8211; gra\u00e7as a uma vasta gama de op\u00e7\u00f5es e acess\u00f3rios &#8211; e um design limpo e simples que permita &#8230; <a title=\"John Deere\" class=\"read-more\" href=\"https:\/\/mcipropulsion.com.co\/pt-br\/john-deere\/\" aria-label=\"Read more about John Deere\">Leia mais<\/a><\/p>\n","protected":false},"author":1,"featured_media":0,"parent":0,"menu_order":0,"comment_status":"closed","ping_status":"closed","template":"","meta":{"footnotes":""},"class_list":["post-1007","page","type-page","status-publish"],"_links":{"self":[{"href":"https:\/\/mcipropulsion.com.co\/pt-br\/wp-json\/wp\/v2\/pages\/1007","targetHints":{"allow":["GET"]}}],"collection":[{"href":"https:\/\/mcipropulsion.com.co\/pt-br\/wp-json\/wp\/v2\/pages"}],"about":[{"href":"https:\/\/mcipropulsion.com.co\/pt-br\/wp-json\/wp\/v2\/types\/page"}],"author":[{"embeddable":true,"href":"https:\/\/mcipropulsion.com.co\/pt-br\/wp-json\/wp\/v2\/users\/1"}],"replies":[{"embeddable":true,"href":"https:\/\/mcipropulsion.com.co\/pt-br\/wp-json\/wp\/v2\/comments?post=1007"}],"version-history":[{"count":7,"href":"https:\/\/mcipropulsion.com.co\/pt-br\/wp-json\/wp\/v2\/pages\/1007\/revisions"}],"predecessor-version":[{"id":1142,"href":"https:\/\/mcipropulsion.com.co\/pt-br\/wp-json\/wp\/v2\/pages\/1007\/revisions\/1142"}],"wp:attachment":[{"href":"https:\/\/mcipropulsion.com.co\/pt-br\/wp-json\/wp\/v2\/media?parent=1007"}],"curies":[{"name":"wp","href":"https:\/\/api.w.org\/{rel}","templated":true}]}}