{"id":1012,"date":"2024-08-08T11:31:54","date_gmt":"2024-08-08T11:31:54","guid":{"rendered":"https:\/\/mcipropulsion.com.co\/politica-cookies\/"},"modified":"2024-08-20T18:09:55","modified_gmt":"2024-08-20T18:09:55","slug":"politica-cookies","status":"publish","type":"page","link":"https:\/\/mcipropulsion.com.co\/pt-br\/politica-cookies\/","title":{"rendered":"Pol\u00edtica cookies"},"content":{"rendered":"\t\t<div data-elementor-type=\"wp-page\" data-elementor-id=\"1012\" class=\"elementor elementor-1012 elementor-721\" data-elementor-post-type=\"page\">\n\t\t\t\t\t\t<section class=\"elementor-section elementor-top-section elementor-element elementor-element-071220a elementor-section-full_width elementor-section-height-min-height elementor-section-height-default elementor-section-items-middle\" data-id=\"071220a\" data-element_type=\"section\" data-settings=\"{&quot;background_background&quot;:&quot;classic&quot;}\">\n\t\t\t\t\t\t<div class=\"elementor-container elementor-column-gap-no\">\n\t\t\t\t\t<div class=\"elementor-column elementor-col-100 elementor-top-column elementor-element elementor-element-1563bae\" data-id=\"1563bae\" data-element_type=\"column\">\n\t\t\t<div class=\"elementor-widget-wrap\">\n\t\t\t\t\t\t\t<\/div>\n\t\t<\/div>\n\t\t\t\t\t<\/div>\n\t\t<\/section>\n\t\t\t\t<section class=\"elementor-section elementor-top-section elementor-element elementor-element-9ff226b elementor-section-boxed elementor-section-height-default elementor-section-height-default\" data-id=\"9ff226b\" data-element_type=\"section\">\n\t\t\t\t\t\t<div class=\"elementor-container elementor-column-gap-default\">\n\t\t\t\t\t<div class=\"elementor-column elementor-col-100 elementor-top-column elementor-element elementor-element-2d534a7\" data-id=\"2d534a7\" data-element_type=\"column\">\n\t\t\t<div class=\"elementor-widget-wrap elementor-element-populated\">\n\t\t\t\t\t\t<div class=\"elementor-element elementor-element-8241063 elementor-widget elementor-widget-heading\" data-id=\"8241063\" data-element_type=\"widget\" data-widget_type=\"heading.default\">\n\t\t\t\t<div class=\"elementor-widget-container\">\n\t\t\t\t\t<h2 class=\"elementor-heading-title elementor-size-default\">Pol\u00edtica de cookies<\/h2>\t\t\t\t<\/div>\n\t\t\t\t<\/div>\n\t\t\t\t<div class=\"elementor-element elementor-element-3c067de elementor-widget elementor-widget-text-editor\" data-id=\"3c067de\" data-element_type=\"widget\" data-widget_type=\"text-editor.default\">\n\t\t\t\t<div class=\"elementor-widget-container\">\n\t\t\t\t\t\t\t\t\t<p>Coletamos e usamos informa\u00e7\u00f5es neste site de acordo com nossa pol\u00edtica de privacidade.<\/p>\n<p>Uma das maneiras pelas quais coletamos informa\u00e7\u00f5es \u00e9 por meio do uso da tecnologia chamada \u201ccookies\u201d. No site transdiesel.co.uk, os cookies s\u00e3o usados para v\u00e1rias finalidades. <\/p>\n<h4><strong>O que \u00e9 um cookie?<\/strong><\/h4>\n<p>Um \u201ccookie\u201d \u00e9 uma pequena quantidade de texto que \u00e9 armazenada em seu navegador (como o Chrome do Google ou o Safari da Apple) quando voc\u00ea navega na maioria dos sites.<\/p>\n<h4><strong>O que N\u00c3O \u00e9 um cookie?<\/strong><\/h4>\n<p>Ele n\u00e3o \u00e9 um v\u00edrus, Trojan, worm, spam, spyware ou pop-up.<\/p>\n<h4><strong>Que informa\u00e7\u00f5es um cookie armazena?<\/strong><\/h4>\n<p>Em geral, os cookies n\u00e3o armazenam informa\u00e7\u00f5es confidenciais sobre o usu\u00e1rio, como cart\u00e3o de cr\u00e9dito ou dados banc\u00e1rios, fotografias ou informa\u00e7\u00f5es pessoais, etc. Os dados que eles armazenam s\u00e3o de natureza t\u00e9cnica, estat\u00edsticas, prefer\u00eancias pessoais, personaliza\u00e7\u00e3o de conte\u00fado, etc. <\/p>\n<p>O servidor da Web n\u00e3o associa voc\u00ea como uma pessoa, mas sim o seu navegador da Web. Na verdade, se voc\u00ea costuma navegar com o navegador Chrome e tentar navegar no mesmo site com o navegador Firefox, ver\u00e1 que o site n\u00e3o percebe que voc\u00ea n\u00e3o \u00e9 a mesma pessoa, pois est\u00e1 associando as informa\u00e7\u00f5es ao navegador, n\u00e3o \u00e0 pessoa. <\/p>\n<h4><strong>Quais s\u00e3o os tipos de cookies existentes?<\/strong><\/h4>\n<ul>\n<li><strong>Cookies t\u00e9cnicos:<\/strong> s\u00e3o os mais b\u00e1sicos e permitem, entre outras coisas, saber quando um aplicativo humano ou automatizado est\u00e1 navegando, quando um usu\u00e1rio an\u00f4nimo e um usu\u00e1rio registrado est\u00e3o navegando, tarefas b\u00e1sicas para a opera\u00e7\u00e3o de qualquer site din\u00e2mico.<\/li>\n<li><strong>Cookies de an\u00e1lise:<\/strong> coletam informa\u00e7\u00f5es sobre o tipo de navega\u00e7\u00e3o que voc\u00ea est\u00e1 fazendo, as se\u00e7\u00f5es mais usadas, os produtos consultados, o tempo de uso, o idioma etc.<\/li>\n<li><strong>Cookies de publicidade:<\/strong> exibem publicidade com base em seus h\u00e1bitos de navega\u00e7\u00e3o, seu pa\u00eds de origem, idioma, etc.<\/li>\n<\/ul>\n<h4><strong>O que s\u00e3o cookies prim\u00e1rios e de terceiros?<\/strong><\/h4>\n<p>Os cookies prim\u00e1rios s\u00e3o aqueles gerados pelo site que voc\u00ea est\u00e1 visitando e os cookies de terceiros s\u00e3o aqueles gerados por servi\u00e7os ou provedores externos, como Mailchimp, Facebook, Twitter, Google Adsense, etc.<\/p>\n<h4><strong>Quais cookies este site usa?<\/strong><\/h4>\n<p>Este site usa cookies pr\u00f3prios e de terceiros. Os seguintes cookies s\u00e3o usados neste site e est\u00e3o detalhados abaixo: <\/p>\n<h4><strong>Os cookies pr\u00f3prios s\u00e3o os seguintes:<\/strong><\/h4>\n<ul>\n<li><strong>Login:<\/strong> os cookies de login permitem que voc\u00ea fa\u00e7a o login e o logout da sua conta transdiesel.co.uk.<\/li>\n<li><strong>Personaliza\u00e7\u00e3o:<\/strong> Os cookies nos ajudam a lembrar com quais pessoas ou sites voc\u00ea interagiu, para que possamos mostrar-lhe conte\u00fado relacionado.<\/li>\n<li><strong>Prefer\u00eancias:<\/strong> Os cookies nos permitem lembrar suas configura\u00e7\u00f5es e prefer\u00eancias, como o idioma preferido e as configura\u00e7\u00f5es de privacidade.<\/li>\n<li><strong>Seguran\u00e7a: <\/strong>usamos cookies para evitar riscos de seguran\u00e7a. Principalmente para detectar quando algu\u00e9m est\u00e1 tentando invadir a sua conta transdiesel.co.uk. <\/li>\n<\/ul>\n<h4><strong>Cookies de terceiros<\/strong><\/h4>\n<p>Este site usa servi\u00e7os de an\u00e1lise, especificamente o Google Analytics, para ajudar o site a analisar como os usu\u00e1rios usam o site e melhorar sua usabilidade, mas em nenhum caso eles est\u00e3o associados a dados que possam identificar o usu\u00e1rio. O Google Analytics \u00e9 um servi\u00e7o de an\u00e1lise da Web fornecido pelo Google, Inc. O usu\u00e1rio pode consultar <a href=\"https:\/\/www.google.es\/intl\/es\/policies\/technologies\/types\/\">aqui<\/a> o tipo de cookies usados pelo Google.<\/p>\n<p>O Grupo Casli \u00e9 usu\u00e1rio da plataforma WordPress para o fornecimento e a hospedagem de blogs, de propriedade da empresa americana Automattic, Inc. Para esse fim, o uso desses cookies pelos sistemas nunca est\u00e1 sob o controle ou o gerenciamento da pessoa respons\u00e1vel pelo site, eles podem mudar sua fun\u00e7\u00e3o a qualquer momento e novos cookies podem ser introduzidos. Esses cookies tamb\u00e9m n\u00e3o trazem nenhum benef\u00edcio para o operador do site. A Automattic, Inc. tamb\u00e9m usa outros cookies para ajudar a identificar e rastrear os visitantes dos sites WordPress, seu uso do site da Automattic e suas prefer\u00eancias de acesso ao site, conforme descrito na se\u00e7\u00e3o \u201cCookies\u201d de sua pol\u00edtica de privacidade.<\/p>\n<p>Os cookies de m\u00eddia social podem ser armazenados no seu navegador durante a navega\u00e7\u00e3o no site transdiesel.es, por exemplo, quando voc\u00ea usa o bot\u00e3o para compartilhar o conte\u00fado do site transdiesel.es em uma rede social.<br \/>Abaixo voc\u00ea tem informa\u00e7\u00f5es sobre os cookies das redes sociais usadas por este site em suas pr\u00f3prias pol\u00edticas de cookies:<\/p>\n<ul>\n<li>Cookies do Facebook, veja mais informa\u00e7\u00f5es em sua <a href=\"https:\/\/app.innoit.net\/lopd\/imprimirPoliticaCookies.action?modo=1\">pol\u00edtica de cookies.<\/a><\/li>\n<li>Cookies do Twitter, veja mais informa\u00e7\u00f5es em sua <a href=\"https:\/\/app.innoit.net\/lopd\/imprimirPoliticaCookies.action?modo=1\">pol\u00edtica de cookies.<\/a><\/li>\n<li>Cookies do Instagram, veja mais informa\u00e7\u00f5es em sua <a href=\"https:\/\/app.innoit.net\/lopd\/imprimirPoliticaCookies.action?modo=1\">pol\u00edtica de cookies.<\/a><\/li>\n<li>Cookies do Google+, veja mais informa\u00e7\u00f5es em sua <a href=\"https:\/\/app.innoit.net\/lopd\/imprimirPoliticaCookies.action?modo=1\">pol\u00edtica de cookies.<\/a><\/li>\n<li>Cookies do YouTube, veja mais informa\u00e7\u00f5es em sua <a href=\"https:\/\/app.innoit.net\/lopd\/imprimirPoliticaCookies.action?modo=1\">pol\u00edtica de cookies.<\/a><\/li>\n<\/ul>\n<h4><strong>Os cookies podem ser exclu\u00eddos?<\/strong><\/h4>\n<p>Sim, e n\u00e3o apenas excluir, mas tamb\u00e9m bloquear, seja em geral ou para um dom\u00ednio espec\u00edfico.<br \/>Para excluir os cookies de um site, \u00e9 necess\u00e1rio acessar as configura\u00e7\u00f5es do navegador, onde \u00e9 poss\u00edvel procurar os cookies associados ao dom\u00ednio em quest\u00e3o e exclu\u00ed-los.<\/p>\n<ul>\n<li><strong>Chrome<\/strong>, de <a href=\"http:\/\/support.google.com\/chrome\/bin\/answer.py?hl=es&amp;answer=95647\">http:\/\/support.google.com\/chrome\/bin\/answer.py?hl=esanswer=95647<\/a><\/li>\n<li><strong>Explorer<\/strong>, de <a href=\"https:\/\/support.microsoft.com\/en-us\/help\/17442\/windows-internet-explorer-delete-manage-cookies#ie=ie-10\">https:\/\/support.microsoft.com\/en-us\/help\/17442\/windows-internet-explorer-delete-manage-cookies#ie=ie-10<\/a><\/li>\n<li><strong>Firefox<\/strong>, de <a href=\"https:\/\/support.mozilla.org\/es\/kb\/habilitar-y-deshabilitar-cookies-sitios-web-rastrear-preferencias?redirectlocale=es&amp;redirectslug=habilitar-y-deshabilitar-cookies-que-los-sitios-we\">https:\/\/support.mozilla.org\/es\/kb\/habilitar-y-deshabilitar-cookies-sitios-web-rastrear-preferencias?redirectlocale=esredirectslug=habilitar-y-deshabilitar-cookies-que-los-sitios-we<\/a><\/li>\n<li><strong>Safari<\/strong>, de <a href=\"https:\/\/support.apple.com\/es-es\/HT201265\">https:\/\/support.apple.com\/es-es\/HT201265<\/a><\/li>\n<\/ul>\n<h4><strong>Mais informa\u00e7\u00f5es sobre cookies<\/strong><\/h4>\n<p>Voc\u00ea pode consultar a regulamenta\u00e7\u00e3o sobre cookies publicada pela Ag\u00eancia Espanhola de Prote\u00e7\u00e3o de Dados em seu \u201cGuia sobre o uso de cookies\u201d e obter mais informa\u00e7\u00f5es sobre cookies na Internet., <a href=\"http:\/\/www.aboutcookies.org\/\">http:\/\/www.aboutcookies.org\/<\/a><\/p>\n<p>Se desejar ter maior controle sobre a instala\u00e7\u00e3o de cookies, voc\u00ea pode instalar programas ou complementos no seu navegador, conhecidos como ferramentas \u201cDo Not Track\u201d (N\u00e3o rastrear), que permitir\u00e3o que voc\u00ea escolha quais cookies deseja permitir.<\/p>\n\t\t\t\t\t\t\t\t<\/div>\n\t\t\t\t<\/div>\n\t\t\t\t\t<\/div>\n\t\t<\/div>\n\t\t\t\t\t<\/div>\n\t\t<\/section>\n\t\t\t\t<\/div>\n\t\t","protected":false},"excerpt":{"rendered":"<p>Pol\u00edtica de cookies Coletamos e usamos informa\u00e7\u00f5es neste site de acordo com nossa pol\u00edtica de privacidade. Uma das maneiras pelas quais coletamos informa\u00e7\u00f5es \u00e9 por meio do uso da tecnologia chamada \u201ccookies\u201d. No site transdiesel.co.uk, os cookies s\u00e3o usados para v\u00e1rias finalidades. O que \u00e9 um cookie? Um \u201ccookie\u201d \u00e9 uma pequena quantidade de texto &#8230; <a title=\"Pol\u00edtica cookies\" class=\"read-more\" href=\"https:\/\/mcipropulsion.com.co\/pt-br\/politica-cookies\/\" aria-label=\"Read more about Pol\u00edtica cookies\">Leia mais<\/a><\/p>\n","protected":false},"author":3,"featured_media":0,"parent":0,"menu_order":0,"comment_status":"closed","ping_status":"closed","template":"","meta":{"footnotes":""},"class_list":["post-1012","page","type-page","status-publish"],"_links":{"self":[{"href":"https:\/\/mcipropulsion.com.co\/pt-br\/wp-json\/wp\/v2\/pages\/1012","targetHints":{"allow":["GET"]}}],"collection":[{"href":"https:\/\/mcipropulsion.com.co\/pt-br\/wp-json\/wp\/v2\/pages"}],"about":[{"href":"https:\/\/mcipropulsion.com.co\/pt-br\/wp-json\/wp\/v2\/types\/page"}],"author":[{"embeddable":true,"href":"https:\/\/mcipropulsion.com.co\/pt-br\/wp-json\/wp\/v2\/users\/3"}],"replies":[{"embeddable":true,"href":"https:\/\/mcipropulsion.com.co\/pt-br\/wp-json\/wp\/v2\/comments?post=1012"}],"version-history":[{"count":1,"href":"https:\/\/mcipropulsion.com.co\/pt-br\/wp-json\/wp\/v2\/pages\/1012\/revisions"}],"predecessor-version":[{"id":1013,"href":"https:\/\/mcipropulsion.com.co\/pt-br\/wp-json\/wp\/v2\/pages\/1012\/revisions\/1013"}],"wp:attachment":[{"href":"https:\/\/mcipropulsion.com.co\/pt-br\/wp-json\/wp\/v2\/media?parent=1012"}],"curies":[{"name":"wp","href":"https:\/\/api.w.org\/{rel}","templated":true}]}}