{"id":1014,"date":"2024-08-08T10:34:34","date_gmt":"2024-08-08T10:34:34","guid":{"rendered":"https:\/\/mcipropulsion.com.co\/politica-privacidade\/"},"modified":"2024-08-20T18:21:36","modified_gmt":"2024-08-20T18:21:36","slug":"politica-privacidade","status":"publish","type":"page","link":"https:\/\/mcipropulsion.com.co\/pt-br\/politica-privacidade\/","title":{"rendered":"Pol\u00edtica privacidade"},"content":{"rendered":"\t\t<div data-elementor-type=\"wp-page\" data-elementor-id=\"1014\" class=\"elementor elementor-1014 elementor-702\" data-elementor-post-type=\"page\">\n\t\t\t\t\t\t<section class=\"elementor-section elementor-top-section elementor-element elementor-element-071220a elementor-section-full_width elementor-section-height-min-height elementor-section-height-default elementor-section-items-middle\" data-id=\"071220a\" data-element_type=\"section\" data-settings=\"{&quot;background_background&quot;:&quot;classic&quot;}\">\n\t\t\t\t\t\t<div class=\"elementor-container elementor-column-gap-no\">\n\t\t\t\t\t<div class=\"elementor-column elementor-col-100 elementor-top-column elementor-element elementor-element-1563bae\" data-id=\"1563bae\" data-element_type=\"column\">\n\t\t\t<div class=\"elementor-widget-wrap\">\n\t\t\t\t\t\t\t<\/div>\n\t\t<\/div>\n\t\t\t\t\t<\/div>\n\t\t<\/section>\n\t\t\t\t<section class=\"elementor-section elementor-top-section elementor-element elementor-element-9ff226b elementor-section-boxed elementor-section-height-default elementor-section-height-default\" data-id=\"9ff226b\" data-element_type=\"section\">\n\t\t\t\t\t\t<div class=\"elementor-container elementor-column-gap-default\">\n\t\t\t\t\t<div class=\"elementor-column elementor-col-100 elementor-top-column elementor-element elementor-element-2d534a7\" data-id=\"2d534a7\" data-element_type=\"column\">\n\t\t\t<div class=\"elementor-widget-wrap elementor-element-populated\">\n\t\t\t\t\t\t<div class=\"elementor-element elementor-element-8241063 elementor-widget elementor-widget-heading\" data-id=\"8241063\" data-element_type=\"widget\" data-widget_type=\"heading.default\">\n\t\t\t\t<div class=\"elementor-widget-container\">\n\t\t\t\t\t<h2 class=\"elementor-heading-title elementor-size-default\">Pol\u00edtica de privacidade<\/h2>\t\t\t\t<\/div>\n\t\t\t\t<\/div>\n\t\t\t\t<div class=\"elementor-element elementor-element-3c067de elementor-widget elementor-widget-text-editor\" data-id=\"3c067de\" data-element_type=\"widget\" data-widget_type=\"text-editor.default\">\n\t\t\t\t<div class=\"elementor-widget-container\">\n\t\t\t\t\t\t\t\t\t<h4><strong>PROCESSAMENTO DE DADOS PESSOAIS<\/strong><\/h4>\n<p>A <strong>TRANSDIESEL<\/strong> \u00e9 a controladora dos dados pessoais do titular dos dados e informa que esses dados ser\u00e3o processados de acordo com as disposi\u00e7\u00f5es da legisla\u00e7\u00e3o atual sobre a prote\u00e7\u00e3o de dados pessoais, o Regulamento (UE) 2016\/679 do Parlamento Europeu e do Conselho, de 27 de abril de 2016, relativo \u00e0 prote\u00e7\u00e3o das pessoas singulares no que diz respeito ao tratamento de dados pessoais e \u00e0 livre circula\u00e7\u00e3o desses dados.<strong> <\/strong><\/p>\n<h4><strong>Informa\u00e7\u00f5es sobre prote\u00e7\u00e3o de dados pessoais<\/strong><\/h4>\n<ul>\n<li>Recebimento de dados pessoais<\/li>\n<li>Respons\u00e1vel pelo processamento de seus dados pessoais<\/li>\n<li>Finalidade do processamento de dados pessoais<\/li>\n<li>Legitima\u00e7\u00e3o do processamento de dados pessoais<\/li>\n<li>Destinat\u00e1rios de dados pessoais<\/li>\n<li>Tempo de reten\u00e7\u00e3o de dados<\/li>\n<li>Direitos do titular dos dados<\/li>\n<li>Medidas de seguran\u00e7a<\/li>\n<li>Altera\u00e7\u00f5es na pol\u00edtica de seguran\u00e7a e prote\u00e7\u00e3o de dados<\/li>\n<\/ul>\n<h4><strong>Recepci\u00f3n de datos personales<\/strong><\/h4>\n<p>Todos os dados pessoais processados na <strong>TRANSDIESEL<\/strong> s\u00e3o fornecidos pelas pr\u00f3prias partes interessadas ou por seus representantes legais.<\/p>\n<h4><strong>Respons\u00e1vel pelo processamento de seus dados pessoais<\/strong><\/h4>\n<ul>\n<li><em><strong>Identidade<\/strong><\/em>: <strong>TRANSDIESEL<\/strong><\/li>\n<li><strong><em>CIF<\/em><\/strong>: B82545377<\/li>\n<li><em><strong>Endere\u00e7o postal<\/strong><\/em><strong>:<\/strong>CALLE COPERNICO 26, 28823 COSLADA-MADRID<\/li>\n<li><em><strong>Telefone<\/strong><\/em>: 916737012<\/li>\n<li><strong><em>Email<\/em><\/strong>: contabilidad@casli.es<\/li>\n<\/ul>\n<h4><strong>Finalidade do processamento de dados pessoais<\/strong><\/h4>\n<ul>\n<li><em><strong>Dados pessoais:<\/strong><\/em> para a manuten\u00e7\u00e3o, o desenvolvimento, o cumprimento e o controle da rela\u00e7\u00e3o contratual com nossos funcion\u00e1rios, bem como para o cumprimento das normas trabalhistas, de Previd\u00eancia Social e de Preven\u00e7\u00e3o de Riscos Ocupacionais aplic\u00e1veis em vigor.<\/li>\n<li><em><strong>Dados do candidato:<\/strong><\/em> para gerenciar a participa\u00e7\u00e3o das partes interessadas nos processos de sele\u00e7\u00e3o de pessoal realizados pela empresa.<\/li>\n<li><em><strong>Dados do cliente:<\/strong><\/em> para a manuten\u00e7\u00e3o, o desenvolvimento, o cumprimento e o controle adequados do relacionamento contratual com os clientes e dos servi\u00e7os que eles solicitam.<\/li>\n<li><em><strong>Dados de fornecedores:<\/strong><\/em> para a manuten\u00e7\u00e3o, o desenvolvimento, o cumprimento e o controle adequados da rela\u00e7\u00e3o contratual com nossos fornecedores e os servi\u00e7os que eles nos prestam.<\/li>\n<li><em><strong>Se\u00e7\u00e3o de contato:<\/strong><\/em> para gerenciar e responder a consultas, reclama\u00e7\u00f5es, sugest\u00f5es e solicita\u00e7\u00f5es feitas pelos usu\u00e1rios por meio do site.<\/li>\n<li><em><strong>Dados de reclama\u00e7\u00f5es e consultas de clientes: <\/strong><\/em>para gerenciar reclama\u00e7\u00f5es e consultas de clientes.<\/li>\n<\/ul>\n<h4><strong>Legitima\u00e7\u00e3o do processamento de dados pessoais<\/strong><\/h4>\n<ul>\n<li><em><strong>Dados pessoais:<\/strong><\/em> a base para o processamento dos dados pessoais do fornecedor \u00e9 a execu\u00e7\u00e3o do contrato de trabalho entre a empresa e seus funcion\u00e1rios.<\/li>\n<li><em><strong>Dados dos candidatos:<\/strong><\/em> a base legal para o processamento dos dados pessoais do titular dos dados \u00e9 o consentimento dado por ele ao fornecer seu curr\u00edculo para participar dos processos de sele\u00e7\u00e3o de pessoal que realizamos.<\/li>\n<li><em><strong>Dados de clientes:<\/strong><\/em> a base legal para o processamento dos dados pessoais dos clientes \u00e9 a execu\u00e7\u00e3o do contrato ou dos pedidos que eles fazem.<\/li>\n<li><em><strong>Dados do fornecedor:<\/strong><\/em> a base legal para o processamento dos dados pessoais dos fornecedores \u00e9 a execu\u00e7\u00e3o do contrato ou do relacionamento comercial com a empresa.<\/li>\n<li><em><strong>Se\u00e7\u00e3o de contato<\/strong><\/em>: a base legal para o processamento de dados pessoais \u00e9 o consentimento dado pelo preenchimento do formul\u00e1rio fornecido para esse fim.<\/li>\n<li><em><strong>Reclama\u00e7\u00f5es e consultas de clientes:<\/strong><\/em> a base legal para o processamento de dados pessoais \u00e9 o consentimento dado pelo preenchimento do formul\u00e1rio fornecido para essa finalidade.<\/li>\n<\/ul>\n<h4><strong>Destinat\u00e1rios de dados pessoais<\/strong><\/h4>\n<p>Os dados pessoais de funcion\u00e1rios, candidatos, clientes, fornecedores e outras partes interessadas (boletim informativo, visitas a museus, etc.) podem ser divulgados para:<\/p>\n<ul>\n<li>Outras empresas do <strong>CASLI GROUP<\/strong> para fins de gerenciamento interno.<\/li>\n<li>Terceiros para a presta\u00e7\u00e3o de servi\u00e7os relacionados ao relacionamento contratual.<\/li>\n<\/ul>\n<h4><strong>Tempo de reten\u00e7\u00e3o de dados<\/strong><\/h4>\n<ul>\n<li><em><strong>Dados pessoais: <\/strong><\/em>os dados pessoais dos funcion\u00e1rios devem ser mantidos durante a vig\u00eancia do contrato de trabalho e, ap\u00f3s sua rescis\u00e3o, durante os per\u00edodos de limita\u00e7\u00e3o de responsabilidades estabelecidos pelas disposi\u00e7\u00f5es legais aplic\u00e1veis.<\/li>\n<li><em><strong>Dados do candidato:<\/strong><\/em> os dados pessoais dos candidatos ser\u00e3o mantidos durante o processo de sele\u00e7\u00e3o. Ap\u00f3s o t\u00e9rmino do processo e caso voc\u00ea n\u00e3o seja selecionado, manteremos seu arquivo para futuros processos seletivos. <\/li>\n<li><em><strong>Dados de clientes e fornecedores:<\/strong><\/em> seus dados pessoais ser\u00e3o mantidos durante a vig\u00eancia da rela\u00e7\u00e3o contratual correspondente e, uma vez encerrada, durante os per\u00edodos de limita\u00e7\u00e3o de responsabilidades estabelecidos pelas disposi\u00e7\u00f5es legais aplic\u00e1veis.<\/li>\n<li><em><strong>Dados na se\u00e7\u00e3o de contato:<\/strong><\/em> os dados pessoais fornecidos pelos usu\u00e1rios ao entrar em contato conosco ser\u00e3o mantidos apenas durante a solicita\u00e7\u00e3o que eles nos fizerem, de modo que, uma vez que a solicita\u00e7\u00e3o tenha sido processada, eles ser\u00e3o exclu\u00eddos.<\/li>\n<li><em><strong>Dados de reclama\u00e7\u00f5es e consultas de clientes:<\/strong><\/em> os dados pessoais fornecidos pelos usu\u00e1rios ao entrar em contato conosco ser\u00e3o mantidos apenas durante o per\u00edodo da solicita\u00e7\u00e3o que eles nos fizerem, de modo que, depois de processados, ser\u00e3o exclu\u00eddos.<\/li>\n<\/ul>\n<h4><strong>Direitos do titular dos dados<\/strong><\/h4>\n<p>O Titular dos Dados pode, a qualquer momento, exercer os seguintes direitos, previstos no GDPR, em rela\u00e7\u00e3o ao processamento de seus dados pessoais:<\/p>\n<ul>\n<li><em>Direito de solicitar acesso aos seus dados pessoais.<\/em><\/li>\n<li><em>O direito de solicitar sua retifica\u00e7\u00e3o ou exclus\u00e3o.<\/em><\/li>\n<li><em>O direito de solicitar a restri\u00e7\u00e3o do processamento.<\/em><\/li>\n<li><em>Direito de se opor ao processamento.<\/em><\/li>\n<li><em>Direito \u00e0 portabilidade de dados.<\/em><\/li>\n<\/ul>\n<p>Esses direitos podem ser exercidos por meio de uma comunica\u00e7\u00e3o dirigida \u00e0 <strong>TRANSDIESEL<\/strong> em CALLE COPERNICO 26, 28823, COSLADA-MADRID.<\/p>\n<h4><strong>Medidas de seguran\u00e7a<\/strong><\/h4>\n<p>A <strong>TRANSDIESEL S.L<\/strong> adotou as medidas t\u00e9cnicas e organizativas adequadas para garantir um n\u00edvel de seguran\u00e7a adequado, de acordo com a natureza dos dados pessoais tratados e as circunst\u00e2ncias do tratamento, a fim de evitar, na medida do poss\u00edvel e sempre de acordo com o estado da t\u00e9cnica, sua altera\u00e7\u00e3o, perda, tratamento ou acesso n\u00e3o autorizado.<\/p>\n<p>A <strong>TRANSDIESEL<\/strong> tamb\u00e9m garante que implementou mecanismos para:<\/p>\n<ol>\n<li>Garantir a confidencialidade, a integridade, a disponibilidade e a resili\u00eancia cont\u00ednuas dos sistemas e servi\u00e7os de processamento.<\/li>\n<li>Restaurar a disponibilidade e o acesso aos dados pessoais rapidamente, no caso de um incidente f\u00edsico ou t\u00e9cnico.<\/li>\n<li>Verificar e checar, regularmente, a efic\u00e1cia das medidas t\u00e9cnicas e organizacionais implementadas para garantir a seguran\u00e7a do processamento de dados.<\/li>\n<\/ol>\n<h4><strong>Altera\u00e7\u00f5es na pol\u00edtica de seguran\u00e7a e prote\u00e7\u00e3o de dados<\/strong><\/h4>\n<p>A <strong>TRANSDIESEL<\/strong> se reserva o direito de modificar sua pol\u00edtica de seguran\u00e7a e prote\u00e7\u00e3o de dados para adapt\u00e1-la a novas legisla\u00e7\u00f5es ou jurisprud\u00eancias, bem como \u00e0quelas que possam derivar de c\u00f3digos normativos existentes sobre a mat\u00e9ria, ou por decis\u00f5es estrat\u00e9gicas da empresa, com efeitos a partir da data de publica\u00e7\u00e3o da referida modifica\u00e7\u00e3o no site da <strong>TRANSDIESEL<\/strong>.<\/p>\n\t\t\t\t\t\t\t\t<\/div>\n\t\t\t\t<\/div>\n\t\t\t\t\t<\/div>\n\t\t<\/div>\n\t\t\t\t\t<\/div>\n\t\t<\/section>\n\t\t\t\t<\/div>\n\t\t","protected":false},"excerpt":{"rendered":"<p>Pol\u00edtica de privacidade PROCESSAMENTO DE DADOS PESSOAIS A TRANSDIESEL \u00e9 a controladora dos dados pessoais do titular dos dados e informa que esses dados ser\u00e3o processados de acordo com as disposi\u00e7\u00f5es da legisla\u00e7\u00e3o atual sobre a prote\u00e7\u00e3o de dados pessoais, o Regulamento (UE) 2016\/679 do Parlamento Europeu e do Conselho, de 27 de abril de &#8230; <a title=\"Pol\u00edtica privacidade\" class=\"read-more\" href=\"https:\/\/mcipropulsion.com.co\/pt-br\/politica-privacidade\/\" aria-label=\"Read more about Pol\u00edtica privacidade\">Leia mais<\/a><\/p>\n","protected":false},"author":3,"featured_media":0,"parent":0,"menu_order":0,"comment_status":"closed","ping_status":"closed","template":"","meta":{"footnotes":""},"class_list":["post-1014","page","type-page","status-publish"],"_links":{"self":[{"href":"https:\/\/mcipropulsion.com.co\/pt-br\/wp-json\/wp\/v2\/pages\/1014","targetHints":{"allow":["GET"]}}],"collection":[{"href":"https:\/\/mcipropulsion.com.co\/pt-br\/wp-json\/wp\/v2\/pages"}],"about":[{"href":"https:\/\/mcipropulsion.com.co\/pt-br\/wp-json\/wp\/v2\/types\/page"}],"author":[{"embeddable":true,"href":"https:\/\/mcipropulsion.com.co\/pt-br\/wp-json\/wp\/v2\/users\/3"}],"replies":[{"embeddable":true,"href":"https:\/\/mcipropulsion.com.co\/pt-br\/wp-json\/wp\/v2\/comments?post=1014"}],"version-history":[{"count":1,"href":"https:\/\/mcipropulsion.com.co\/pt-br\/wp-json\/wp\/v2\/pages\/1014\/revisions"}],"predecessor-version":[{"id":1015,"href":"https:\/\/mcipropulsion.com.co\/pt-br\/wp-json\/wp\/v2\/pages\/1014\/revisions\/1015"}],"wp:attachment":[{"href":"https:\/\/mcipropulsion.com.co\/pt-br\/wp-json\/wp\/v2\/media?parent=1014"}],"curies":[{"name":"wp","href":"https:\/\/api.w.org\/{rel}","templated":true}]}}