{"id":997,"date":"2023-12-12T09:09:12","date_gmt":"2023-12-12T09:09:12","guid":{"rendered":"https:\/\/mcipropulsion.com.co\/baudouin\/"},"modified":"2024-08-24T15:22:46","modified_gmt":"2024-08-24T15:22:46","slug":"baudouin","status":"publish","type":"page","link":"https:\/\/mcipropulsion.com.co\/pt-br\/baudouin\/","title":{"rendered":"Baudouin"},"content":{"rendered":"\t\t<div data-elementor-type=\"wp-page\" data-elementor-id=\"997\" class=\"elementor elementor-997 elementor-241\" data-elementor-post-type=\"page\">\n\t\t\t\t\t\t<section class=\"elementor-section elementor-top-section elementor-element elementor-element-037962a elementor-section-full_width elementor-section-stretched elementor-section-height-min-height elementor-section-height-default elementor-section-items-middle\" data-id=\"037962a\" data-element_type=\"section\" data-settings=\"{&quot;stretch_section&quot;:&quot;section-stretched&quot;,&quot;background_background&quot;:&quot;classic&quot;}\">\n\t\t\t\t\t\t<div class=\"elementor-container elementor-column-gap-no\">\n\t\t\t\t\t<div class=\"elementor-column elementor-col-100 elementor-top-column elementor-element elementor-element-9bf5858\" data-id=\"9bf5858\" data-element_type=\"column\">\n\t\t\t<div class=\"elementor-widget-wrap\">\n\t\t\t\t\t\t\t<\/div>\n\t\t<\/div>\n\t\t\t\t\t<\/div>\n\t\t<\/section>\n\t\t\t\t<section class=\"elementor-section elementor-top-section elementor-element elementor-element-2297c47 elementor-section-boxed elementor-section-height-default elementor-section-height-default\" data-id=\"2297c47\" data-element_type=\"section\">\n\t\t\t\t\t\t<div class=\"elementor-container elementor-column-gap-default\">\n\t\t\t\t\t<div class=\"elementor-column elementor-col-100 elementor-top-column elementor-element elementor-element-48194ef\" data-id=\"48194ef\" data-element_type=\"column\">\n\t\t\t<div class=\"elementor-widget-wrap elementor-element-populated\">\n\t\t\t\t\t\t<section class=\"elementor-section elementor-inner-section elementor-element elementor-element-d500073 elementor-section-boxed elementor-section-height-default elementor-section-height-default\" data-id=\"d500073\" data-element_type=\"section\">\n\t\t\t\t\t\t<div class=\"elementor-container elementor-column-gap-default\">\n\t\t\t\t\t<div class=\"elementor-column elementor-col-50 elementor-inner-column elementor-element elementor-element-c85882e\" data-id=\"c85882e\" data-element_type=\"column\">\n\t\t\t<div class=\"elementor-widget-wrap elementor-element-populated\">\n\t\t\t\t\t\t<div class=\"elementor-element elementor-element-3ce00eb elementor-widget elementor-widget-image\" data-id=\"3ce00eb\" data-element_type=\"widget\" data-widget_type=\"image.default\">\n\t\t\t\t<div class=\"elementor-widget-container\">\n\t\t\t\t\t\t\t\t\t\t\t\t\t\t\t<img fetchpriority=\"high\" decoding=\"async\" width=\"330\" height=\"168\" src=\"https:\/\/mcipropulsion.com.co\/wp-content\/uploads\/2024\/08\/logo-baudoin.jpg\" class=\"attachment-large size-large wp-image-987\" alt=\"\" srcset=\"https:\/\/mcipropulsion.com.co\/wp-content\/uploads\/2024\/08\/logo-baudoin.jpg 330w, https:\/\/mcipropulsion.com.co\/wp-content\/uploads\/2024\/08\/logo-baudoin-300x153.jpg 300w\" sizes=\"(max-width: 330px) 100vw, 330px\" \/>\t\t\t\t\t\t\t\t\t\t\t\t\t\t\t<\/div>\n\t\t\t\t<\/div>\n\t\t\t\t<div class=\"elementor-element elementor-element-173fb28 elementor-widget elementor-widget-heading\" data-id=\"173fb28\" data-element_type=\"widget\" data-widget_type=\"heading.default\">\n\t\t\t\t<div class=\"elementor-widget-container\">\n\t\t\t\t\t<h2 class=\"elementor-heading-title elementor-size-default\">MOTORES DE PROPULS\u00c3O MAR\u00cdTIMA <\/h2>\t\t\t\t<\/div>\n\t\t\t\t<\/div>\n\t\t\t\t<div class=\"elementor-element elementor-element-4895ce6 elementor-widget elementor-widget-heading\" data-id=\"4895ce6\" data-element_type=\"widget\" data-widget_type=\"heading.default\">\n\t\t\t\t<div class=\"elementor-widget-container\">\n\t\t\t\t\t<h2 class=\"elementor-heading-title elementor-size-default\">\u201cTrusted Technology and Performance\u201d<\/h2>\t\t\t\t<\/div>\n\t\t\t\t<\/div>\n\t\t\t\t\t<\/div>\n\t\t<\/div>\n\t\t\t\t<div class=\"elementor-column elementor-col-50 elementor-inner-column elementor-element elementor-element-986d31c\" data-id=\"986d31c\" data-element_type=\"column\">\n\t\t\t<div class=\"elementor-widget-wrap elementor-element-populated\">\n\t\t\t\t\t\t<div class=\"elementor-element elementor-element-5cc5bc0 elementor-widget elementor-widget-image\" data-id=\"5cc5bc0\" data-element_type=\"widget\" data-widget_type=\"image.default\">\n\t\t\t\t<div class=\"elementor-widget-container\">\n\t\t\t\t\t\t\t\t\t\t\t\t\t\t\t<img decoding=\"async\" width=\"1024\" height=\"682\" src=\"https:\/\/mcipropulsion.com.co\/wp-content\/uploads\/2024\/08\/Panel-control-1024x682.jpg\" class=\"attachment-large size-large wp-image-986\" alt=\"\" srcset=\"https:\/\/mcipropulsion.com.co\/wp-content\/uploads\/2024\/08\/Panel-control-1024x682.jpg 1024w, https:\/\/mcipropulsion.com.co\/wp-content\/uploads\/2024\/08\/Panel-control-300x200.jpg 300w, https:\/\/mcipropulsion.com.co\/wp-content\/uploads\/2024\/08\/Panel-control-768x512.jpg 768w, https:\/\/mcipropulsion.com.co\/wp-content\/uploads\/2024\/08\/Panel-control.jpg 1283w\" sizes=\"(max-width: 1024px) 100vw, 1024px\" \/>\t\t\t\t\t\t\t\t\t\t\t\t\t\t\t<\/div>\n\t\t\t\t<\/div>\n\t\t\t\t\t<\/div>\n\t\t<\/div>\n\t\t\t\t\t<\/div>\n\t\t<\/section>\n\t\t\t\t<div class=\"elementor-element elementor-element-1727bf7 elementor-widget elementor-widget-text-editor\" data-id=\"1727bf7\" data-element_type=\"widget\" data-widget_type=\"text-editor.default\">\n\t\t\t\t<div class=\"elementor-widget-container\">\n\t\t\t\t\t\t\t\t\t<p><strong><em>BAUDOUIN MOTEURS<\/em><\/strong><em> \u00e9 um fabricante franc\u00eas de motores mar\u00edtimos, com mais de um s\u00e9culo de exist\u00eancia, recentemente adquirido pela multinacional WEICHAI. Atualmente, tem <strong>uma produ\u00e7\u00e3o anual de motores<\/strong> de \u00faltima gera\u00e7\u00e3o de <strong>mais de 1 milh\u00e3o de unidades.<\/strong> <\/em><\/p>\n<p><em>Os motores de propuls\u00e3o mar\u00edtima Baudouin s\u00e3o mundialmente reconhecidos pela sua qualidade, durabilidade e fiabilidade. Os produtos Baudouin cumprem as mais recentes normas ambientais e de navega\u00e7\u00e3o mar\u00edtima em vias naveg\u00e1veis e em terra. Concebidos especificamente para aplica\u00e7\u00f5es mar\u00edtimas, os motores Baudouin s\u00e3o optimizados para uma manuten\u00e7\u00e3o f\u00e1cil e rent\u00e1vel.<\/em> A Baudouin <em>disp\u00f5e de uma gama de pot\u00eancias<\/em> nominais de 95 kW a 1215 kW.<\/p>\n<p>A MCI <em>\u00e9 distribuidor oficial dos motores mar\u00edtimos BAUDOUIN desde 2023. Dispomos de um stock de motores, bem como de pe\u00e7as sobressalentes e de um servi\u00e7o p\u00f3s-venda em toda a pen\u00ednsula.<\/em><\/p>\n<p><em>Mais informa\u00e7\u00f5es no<\/em> <em><a href=\"https:\/\/baudouin.com\/es\/marine-solutions\/\">s\u00edtio Web da Baudouin<\/a><\/em><\/p>\n\t\t\t\t\t\t\t\t<\/div>\n\t\t\t\t<\/div>\n\t\t\t\t<section class=\"elementor-section elementor-inner-section elementor-element elementor-element-04d42ff elementor-section-boxed elementor-section-height-default elementor-section-height-default\" data-id=\"04d42ff\" data-element_type=\"section\">\n\t\t\t\t\t\t<div class=\"elementor-container elementor-column-gap-default\">\n\t\t\t\t\t<div class=\"elementor-column elementor-col-33 elementor-inner-column elementor-element elementor-element-f4cd0ce\" data-id=\"f4cd0ce\" data-element_type=\"column\">\n\t\t\t<div class=\"elementor-widget-wrap elementor-element-populated\">\n\t\t\t\t\t\t<div class=\"elementor-element elementor-element-1ed0f2e elementor-widget elementor-widget-image\" data-id=\"1ed0f2e\" data-element_type=\"widget\" data-widget_type=\"image.default\">\n\t\t\t\t<div class=\"elementor-widget-container\">\n\t\t\t\t\t\t\t\t\t\t\t\t\t\t\t<img decoding=\"async\" width=\"574\" height=\"440\" src=\"https:\/\/mcipropulsion.com.co\/wp-content\/uploads\/2024\/08\/Motor-2.jpg\" class=\"attachment-large size-large wp-image-984\" alt=\"\" srcset=\"https:\/\/mcipropulsion.com.co\/wp-content\/uploads\/2024\/08\/Motor-2.jpg 574w, https:\/\/mcipropulsion.com.co\/wp-content\/uploads\/2024\/08\/Motor-2-300x230.jpg 300w\" sizes=\"(max-width: 574px) 100vw, 574px\" \/>\t\t\t\t\t\t\t\t\t\t\t\t\t\t\t<\/div>\n\t\t\t\t<\/div>\n\t\t\t\t\t<\/div>\n\t\t<\/div>\n\t\t\t\t<div class=\"elementor-column elementor-col-33 elementor-inner-column elementor-element elementor-element-e10db87\" data-id=\"e10db87\" data-element_type=\"column\">\n\t\t\t<div class=\"elementor-widget-wrap elementor-element-populated\">\n\t\t\t\t\t\t<div class=\"elementor-element elementor-element-6fcdff7 elementor-widget elementor-widget-image\" data-id=\"6fcdff7\" data-element_type=\"widget\" data-widget_type=\"image.default\">\n\t\t\t\t<div class=\"elementor-widget-container\">\n\t\t\t\t\t\t\t\t\t\t\t\t\t\t\t<img loading=\"lazy\" decoding=\"async\" width=\"614\" height=\"467\" src=\"https:\/\/mcipropulsion.com.co\/wp-content\/uploads\/2024\/08\/Motor-3.jpg\" class=\"attachment-large size-large wp-image-985\" alt=\"\" srcset=\"https:\/\/mcipropulsion.com.co\/wp-content\/uploads\/2024\/08\/Motor-3.jpg 614w, https:\/\/mcipropulsion.com.co\/wp-content\/uploads\/2024\/08\/Motor-3-300x228.jpg 300w\" sizes=\"(max-width: 614px) 100vw, 614px\" \/>\t\t\t\t\t\t\t\t\t\t\t\t\t\t\t<\/div>\n\t\t\t\t<\/div>\n\t\t\t\t\t<\/div>\n\t\t<\/div>\n\t\t\t\t<div class=\"elementor-column elementor-col-33 elementor-inner-column elementor-element elementor-element-a04cd99\" data-id=\"a04cd99\" data-element_type=\"column\">\n\t\t\t<div class=\"elementor-widget-wrap elementor-element-populated\">\n\t\t\t\t\t\t<div class=\"elementor-element elementor-element-b20c84f elementor-widget elementor-widget-image\" data-id=\"b20c84f\" data-element_type=\"widget\" data-widget_type=\"image.default\">\n\t\t\t\t<div class=\"elementor-widget-container\">\n\t\t\t\t\t\t\t\t\t\t\t\t\t\t\t<img loading=\"lazy\" decoding=\"async\" width=\"528\" height=\"479\" src=\"https:\/\/mcipropulsion.com.co\/wp-content\/uploads\/2024\/08\/Motor-1.jpg\" class=\"attachment-large size-large wp-image-983\" alt=\"\" srcset=\"https:\/\/mcipropulsion.com.co\/wp-content\/uploads\/2024\/08\/Motor-1.jpg 528w, https:\/\/mcipropulsion.com.co\/wp-content\/uploads\/2024\/08\/Motor-1-300x272.jpg 300w\" sizes=\"(max-width: 528px) 100vw, 528px\" \/>\t\t\t\t\t\t\t\t\t\t\t\t\t\t\t<\/div>\n\t\t\t\t<\/div>\n\t\t\t\t\t<\/div>\n\t\t<\/div>\n\t\t\t\t\t<\/div>\n\t\t<\/section>\n\t\t\t\t\t<\/div>\n\t\t<\/div>\n\t\t\t\t\t<\/div>\n\t\t<\/section>\n\t\t\t\t<section class=\"elementor-section elementor-top-section elementor-element elementor-element-5f2f9240 elementor-section-boxed elementor-section-height-default elementor-section-height-default\" data-id=\"5f2f9240\" data-element_type=\"section\">\n\t\t\t\t\t\t<div class=\"elementor-container elementor-column-gap-default\">\n\t\t\t\t\t<div class=\"elementor-column elementor-col-50 elementor-top-column elementor-element elementor-element-1099c9bc\" data-id=\"1099c9bc\" data-element_type=\"column\">\n\t\t\t<div class=\"elementor-widget-wrap elementor-element-populated\">\n\t\t\t\t\t\t<div class=\"elementor-element elementor-element-4cf09b2f elementor-widget elementor-widget-heading\" data-id=\"4cf09b2f\" data-element_type=\"widget\" data-widget_type=\"heading.default\">\n\t\t\t\t<div class=\"elementor-widget-container\">\n\t\t\t\t\t<h2 class=\"elementor-heading-title elementor-size-default\">LOJA DE PE\u00c7AS SOBRESSALENTES<\/h2>\t\t\t\t<\/div>\n\t\t\t\t<\/div>\n\t\t\t\t<div class=\"elementor-element elementor-element-7daca9e9 elementor-widget elementor-widget-text-editor\" data-id=\"7daca9e9\" data-element_type=\"widget\" data-widget_type=\"text-editor.default\">\n\t\t\t\t<div class=\"elementor-widget-container\">\n\t\t\t\t\t\t\t\t\t<p>Oferecemos uma equipa dedicada exclusivamente \u00e0 venda de pe\u00e7as sobressalentes e a log\u00edstica necess\u00e1ria para envios em 24 horas, se necess\u00e1rio.<\/p>\n<p>Mais de 10.000 remessas s\u00e3o tratadas todos os anos, nos nossos 2.000 m2 de armaz\u00e9ns, onde temos mais de 20.000 refer\u00eancias do stock dos fabricantes.<\/p>\n<p>N\u00e3o encontra o que procura? N\u00e3o tem a certeza de qual \u00e9 a pe\u00e7a certa? Precisa de conselhos dos nossos t\u00e9cnicos?<\/p>\n\t\t\t\t\t\t\t\t<\/div>\n\t\t\t\t<\/div>\n\t\t\t\t\t<\/div>\n\t\t<\/div>\n\t\t\t\t<div class=\"elementor-column elementor-col-50 elementor-top-column elementor-element elementor-element-5234fe2b\" data-id=\"5234fe2b\" data-element_type=\"column\">\n\t\t\t<div class=\"elementor-widget-wrap elementor-element-populated\">\n\t\t\t\t\t\t<div class=\"elementor-element elementor-element-1ec12522 elementor-widget elementor-widget-image\" data-id=\"1ec12522\" data-element_type=\"widget\" data-widget_type=\"image.default\">\n\t\t\t\t<div class=\"elementor-widget-container\">\n\t\t\t\t\t\t\t\t\t\t\t\t\t\t\t<img loading=\"lazy\" decoding=\"async\" width=\"1024\" height=\"742\" src=\"https:\/\/mcipropulsion.com.co\/wp-content\/uploads\/2024\/05\/Tienda-Repuestos-1024x742.jpg\" class=\"attachment-large size-large wp-image-963\" alt=\"\" srcset=\"https:\/\/mcipropulsion.com.co\/wp-content\/uploads\/2024\/05\/Tienda-Repuestos-1024x742.jpg 1024w, https:\/\/mcipropulsion.com.co\/wp-content\/uploads\/2024\/05\/Tienda-Repuestos-300x217.jpg 300w, https:\/\/mcipropulsion.com.co\/wp-content\/uploads\/2024\/05\/Tienda-Repuestos-768x557.jpg 768w, https:\/\/mcipropulsion.com.co\/wp-content\/uploads\/2024\/05\/Tienda-Repuestos-1536x1114.jpg 1536w, https:\/\/mcipropulsion.com.co\/wp-content\/uploads\/2024\/05\/Tienda-Repuestos-2048x1485.jpg 2048w\" sizes=\"(max-width: 1024px) 100vw, 1024px\" \/>\t\t\t\t\t\t\t\t\t\t\t\t\t\t\t<\/div>\n\t\t\t\t<\/div>\n\t\t\t\t\t<\/div>\n\t\t<\/div>\n\t\t\t\t\t<\/div>\n\t\t<\/section>\n\t\t\t\t<\/div>\n\t\t","protected":false},"excerpt":{"rendered":"<p>MOTORES DE PROPULS\u00c3O MAR\u00cdTIMA \u201cTrusted Technology and Performance\u201d BAUDOUIN MOTEURS \u00e9 um fabricante franc\u00eas de motores mar\u00edtimos, com mais de um s\u00e9culo de exist\u00eancia, recentemente adquirido pela multinacional WEICHAI. Atualmente, tem uma produ\u00e7\u00e3o anual de motores de \u00faltima gera\u00e7\u00e3o de mais de 1 milh\u00e3o de unidades. Os motores de propuls\u00e3o mar\u00edtima Baudouin s\u00e3o mundialmente reconhecidos &#8230; <a title=\"Baudouin\" class=\"read-more\" href=\"https:\/\/mcipropulsion.com.co\/pt-br\/baudouin\/\" aria-label=\"Read more about Baudouin\">Leia mais<\/a><\/p>\n","protected":false},"author":1,"featured_media":0,"parent":0,"menu_order":0,"comment_status":"closed","ping_status":"closed","template":"","meta":{"footnotes":""},"class_list":["post-997","page","type-page","status-publish"],"_links":{"self":[{"href":"https:\/\/mcipropulsion.com.co\/pt-br\/wp-json\/wp\/v2\/pages\/997","targetHints":{"allow":["GET"]}}],"collection":[{"href":"https:\/\/mcipropulsion.com.co\/pt-br\/wp-json\/wp\/v2\/pages"}],"about":[{"href":"https:\/\/mcipropulsion.com.co\/pt-br\/wp-json\/wp\/v2\/types\/page"}],"author":[{"embeddable":true,"href":"https:\/\/mcipropulsion.com.co\/pt-br\/wp-json\/wp\/v2\/users\/1"}],"replies":[{"embeddable":true,"href":"https:\/\/mcipropulsion.com.co\/pt-br\/wp-json\/wp\/v2\/comments?post=997"}],"version-history":[{"count":2,"href":"https:\/\/mcipropulsion.com.co\/pt-br\/wp-json\/wp\/v2\/pages\/997\/revisions"}],"predecessor-version":[{"id":1107,"href":"https:\/\/mcipropulsion.com.co\/pt-br\/wp-json\/wp\/v2\/pages\/997\/revisions\/1107"}],"wp:attachment":[{"href":"https:\/\/mcipropulsion.com.co\/pt-br\/wp-json\/wp\/v2\/media?parent=997"}],"curies":[{"name":"wp","href":"https:\/\/api.w.org\/{rel}","templated":true}]}}